{"id":1472,"date":"2020-05-27T17:29:18","date_gmt":"2020-05-27T15:29:18","guid":{"rendered":"https:\/\/medecinsadomicile.ch\/?page_id=1472"},"modified":"2020-05-27T17:29:18","modified_gmt":"2020-05-27T15:29:18","slug":"sitemap","status":"publish","type":"page","link":"https:\/\/medecinsadomicile.ch\/en\/sitemap\/","title":{"rendered":"Sitemap"},"content":{"rendered":"<div class=\"wpb-content-wrapper\"><p>[vc_row css=&#8221;.vc_custom_1589964029437{margin-bottom: 60px !important;}&#8221;][vc_column][vc_widget_sidebar sidebar_id=&#8221;sidebar_5&#8243;][\/vc_column][\/vc_row][vc_row full_width=&#8221;stretch_row&#8221; equal_height=&#8221;yes&#8221; content_placement=&#8221;middle&#8221; type=&#8221;vc_default&#8221; css=&#8221;.vc_custom_1588188437274{padding-top: 40px !important;padding-bottom: 40px !important;background-color: #348bde !important;}&#8221;][vc_column offset=&#8221;vc_col-lg-8 vc_col-md-8 vc_col-xs-12&#8243;][vc_row_inner][vc_column_inner offset=&#8221;vc_hidden-sm vc_hidden-xs&#8221;]<div id=\"ultimate-heading-299269e493f24eec3\" class=\"uvc-heading ult-adjust-bottom-margin ultimate-heading-299269e493f24eec3 uvc-1064 \" data-hspacer=\"no_spacer\"  data-halign=\"left\" style=\"text-align:left\"><div class=\"uvc-heading-spacer no_spacer\" style=\"top\"><\/div><div class=\"uvc-main-heading ult-responsive\"  data-ultimate-target='.uvc-heading.ultimate-heading-299269e493f24eec3 h2'  data-responsive-json-new='{\"font-size\":\"desktop:30px;\",\"line-height\":\"desktop:40px;\"}' ><h2 style=\"--font-weight:theme;color:#ffffff;margin-bottom:10px;\">Home Medical consultations in Geneva<\/h2><\/div><div class=\"uvc-sub-heading ult-responsive\"  data-ultimate-target='.uvc-heading.ultimate-heading-299269e493f24eec3 .uvc-sub-heading '  data-responsive-json-new='{\"font-size\":\"desktop:17px;\",\"line-height\":\"desktop:27px;\"}'  style=\"font-weight:normal;color:#ffffff;\">Our reception is open from Monday to Friday between 8:00 to 19:00 non-stop<\/div><\/div>[\/vc_column_inner][\/vc_row_inner][vc_row_inner][vc_column_inner offset=&#8221;vc_hidden-lg vc_hidden-md&#8221;]<div id=\"ultimate-heading-296369e493f24ef73\" class=\"uvc-heading ult-adjust-bottom-margin ultimate-heading-296369e493f24ef73 uvc-2999 \" data-hspacer=\"no_spacer\"  data-halign=\"center\" style=\"text-align:center\"><div class=\"uvc-heading-spacer no_spacer\" style=\"top\"><\/div><div class=\"uvc-main-heading ult-responsive\"  data-ultimate-target='.uvc-heading.ultimate-heading-296369e493f24ef73 h2'  data-responsive-json-new='{\"font-size\":\"desktop:30px;\",\"line-height\":\"desktop:40px;\"}' ><h2 style=\"--font-weight:theme;color:#ffffff;margin-bottom:10px;\">Home Medical consultations in Geneva<\/h2><\/div><div class=\"uvc-sub-heading ult-responsive\"  data-ultimate-target='.uvc-heading.ultimate-heading-296369e493f24ef73 .uvc-sub-heading '  data-responsive-json-new='{\"font-size\":\"desktop:17px;\",\"line-height\":\"desktop:27px;\"}'  style=\"font-weight:normal;color:#ffffff;\">Our reception is open from Monday to Friday between 8:00 to 19:00 non-stop<\/div><\/div><div class=\" ubtn-ctn-center \"><a class=\"ubtn-link ult-adjust-bottom-margin ubtn-center ubtn-small \" href=\"tel:+41223403636\" ><button type=\"button\" id=\"ubtn-8457\"  class=\"ubtn ult-adjust-bottom-margin ult-responsive ubtn-small ubtn-fade-bg  none  ubtn-center   tooltip-69e493f24efd9\"  data-hover=\"#348bde\" data-border-color=\"#ffffff\" data-bg=\"\" data-hover-bg=\"#ffffff\" data-border-hover=\"#ffffff\" data-shadow-hover=\"\" data-shadow-click=\"none\" data-shadow=\"\" data-shd-shadow=\"\"  data-ultimate-target='#ubtn-8457'  data-responsive-json-new='{\"font-size\":\"desktop:18px;\",\"line-height\":\"desktop:22px;\"}'  style=\"font-weight:normal;border-radius:6px;border-width:2px;border-color:#ffffff;border-style:solid;color: #ffffff;\"><span class=\"ubtn-hover\" style=\"background-color:#ffffff\"><\/span><span class=\"ubtn-data ubtn-text \" >022 340 36 36<\/span><\/button><\/a><\/div>[\/vc_column_inner][\/vc_row_inner][\/vc_column][vc_column offset=&#8221;vc_col-lg-4 vc_col-md-4 vc_hidden-sm vc_col-xs-12 vc_hidden-xs&#8221;]<div class=\" vc_custom_1589891606350 ubtn-ctn-center \"><a class=\"ubtn-link ult-adjust-bottom-margin ubtn-center ubtn-large \" href=\"tel:+41223403636\" ><button type=\"button\" id=\"ubtn-6129\"  class=\"ubtn ult-adjust-bottom-margin ult-responsive ubtn-large ubtn-fade-bg  ulta-grow  ubtn-center   tooltip-69e493f24f08b ubtn-tooltip top\" data-toggle=\"tooltip\" data-placement=\"top\" title=\"Call M\u00e9decins \u00e0 Domicile\" data-hover=\"#348bde\" data-border-color=\"#ffffff\" data-bg=\"#348bde\" data-hover-bg=\"#ffffff\" data-border-hover=\"#348bde\" data-shadow-hover=\"\" data-shadow-click=\"none\" data-shadow=\"\" data-shd-shadow=\"\"  data-ultimate-target='#ubtn-6129'  data-responsive-json-new='{\"font-size\":\"desktop:24px;tablet:20px;tablet_portrait:20px;\",\"line-height\":\"desktop:26px;tablet:22px;tablet_portrait:22px;\"}'  style=\"font-weight:normal;border-radius:6px;border-width:2px;border-color:#ffffff;border-style:solid;background: #348bde;color: #ffffff;\"><span class=\"ubtn-hover\" style=\"background-color:#ffffff\"><\/span><span class=\"ubtn-data ubtn-text \" >022 340 36 36<\/span><\/button><\/a><\/div>[\/vc_column][\/vc_row]<\/p>\n<\/div>","protected":false},"excerpt":{"rendered":"<p>[vc_row css=&#8221;.vc_custom_1589964029437{margin-bottom: 60px !important;}&#8221;][vc_column][vc_widget_sidebar sidebar_id=&#8221;sidebar_5&#8243;][\/vc_column][\/vc_row][vc_row full_width=&#8221;stretch_row&#8221; equal_height=&#8221;yes&#8221; content_placement=&#8221;middle&#8221; type=&#8221;vc_default&#8221; css=&#8221;.vc_custom_1588188437274{padding-top: 40px !important;padding-bottom: 40px !important;background-color: #348bde !important;}&#8221;][vc_column offset=&#8221;vc_col-lg-8 vc_col-md-8 vc_col-xs-12&#8243;][vc_row_inner][vc_column_inner offset=&#8221;vc_hidden-sm vc_hidden-xs&#8221;][\/vc_column_inner][\/vc_row_inner][vc_row_inner][vc_column_inner offset=&#8221;vc_hidden-lg vc_hidden-md&#8221;][\/vc_column_inner][\/vc_row_inner][\/vc_column][vc_column offset=&#8221;vc_col-lg-4 vc_col-md-4 vc_hidden-sm vc_col-xs-12 vc_hidden-xs&#8221;][\/vc_column][\/vc_row]<\/p>\n","protected":false},"author":1,"featured_media":0,"parent":0,"menu_order":7,"comment_status":"closed","ping_status":"closed","template":"","meta":{"footnotes":""},"class_list":["post-1472","page","type-page","status-publish","hentry","description-off"],"yoast_head":"<!-- This site is optimized with the Yoast SEO plugin v27.4 - https:\/\/yoast.com\/product\/yoast-seo-wordpress\/ -->\n<title>Sitemap - M\u00e9decins \u00e0 domicile Gen\u00e8ve<\/title>\n<meta name=\"robots\" content=\"noindex, follow\" \/>\n<meta property=\"og:locale\" content=\"en_US\" \/>\n<meta property=\"og:type\" content=\"article\" \/>\n<meta property=\"og:title\" content=\"Sitemap - M\u00e9decins \u00e0 domicile Gen\u00e8ve\" \/>\n<meta property=\"og:description\" content=\"[vc_row css=&#8221;.vc_custom_1589964029437{margin-bottom: 60px !important;}&#8221;][vc_column][vc_widget_sidebar sidebar_id=&#8221;sidebar_5&#8243;][\/vc_column][\/vc_row][vc_row full_width=&#8221;stretch_row&#8221; equal_height=&#8221;yes&#8221; content_placement=&#8221;middle&#8221; type=&#8221;vc_default&#8221; css=&#8221;.vc_custom_1588188437274{padding-top: 40px !important;padding-bottom: 40px !important;background-color: #348bde !important;}&#8221;][vc_column offset=&#8221;vc_col-lg-8 vc_col-md-8 vc_col-xs-12&#8243;][vc_row_inner][vc_column_inner offset=&#8221;vc_hidden-sm vc_hidden-xs&#8221;][\/vc_column_inner][\/vc_row_inner][vc_row_inner][vc_column_inner offset=&#8221;vc_hidden-lg vc_hidden-md&#8221;][\/vc_column_inner][\/vc_row_inner][\/vc_column][vc_column offset=&#8221;vc_col-lg-4 vc_col-md-4 vc_hidden-sm vc_col-xs-12 vc_hidden-xs&#8221;][\/vc_column][\/vc_row]\" \/>\n<meta property=\"og:url\" content=\"https:\/\/medecinsadomicile.ch\/en\/sitemap\/\" \/>\n<meta property=\"og:site_name\" content=\"M\u00e9decins \u00e0 domicile Gen\u00e8ve\" \/>\n<meta name=\"twitter:card\" content=\"summary_large_image\" \/>\n<meta name=\"twitter:label1\" content=\"Est. reading time\" \/>\n\t<meta name=\"twitter:data1\" content=\"2 minutes\" \/>\n<script type=\"application\/ld+json\" class=\"yoast-schema-graph\">{\"@context\":\"https:\\\/\\\/schema.org\",\"@graph\":[{\"@type\":\"WebPage\",\"@id\":\"https:\\\/\\\/medecinsadomicile.ch\\\/en\\\/sitemap\\\/\",\"url\":\"https:\\\/\\\/medecinsadomicile.ch\\\/en\\\/sitemap\\\/\",\"name\":\"Sitemap - M\u00e9decins \u00e0 domicile Gen\u00e8ve\",\"isPartOf\":{\"@id\":\"https:\\\/\\\/medecinsadomicile.ch\\\/#website\"},\"datePublished\":\"2020-05-27T15:29:18+00:00\",\"breadcrumb\":{\"@id\":\"https:\\\/\\\/medecinsadomicile.ch\\\/en\\\/sitemap\\\/#breadcrumb\"},\"inLanguage\":\"en-US\",\"potentialAction\":[{\"@type\":\"ReadAction\",\"target\":[\"https:\\\/\\\/medecinsadomicile.ch\\\/en\\\/sitemap\\\/\"]}]},{\"@type\":\"BreadcrumbList\",\"@id\":\"https:\\\/\\\/medecinsadomicile.ch\\\/en\\\/sitemap\\\/#breadcrumb\",\"itemListElement\":[{\"@type\":\"ListItem\",\"position\":1,\"name\":\"Accueil\",\"item\":\"https:\\\/\\\/medecinsadomicile.ch\\\/en\\\/\"},{\"@type\":\"ListItem\",\"position\":2,\"name\":\"Sitemap\"}]},{\"@type\":\"WebSite\",\"@id\":\"https:\\\/\\\/medecinsadomicile.ch\\\/#website\",\"url\":\"https:\\\/\\\/medecinsadomicile.ch\\\/\",\"name\":\"M\u00e9decins \u00e0 domicile Gen\u00e8ve\",\"description\":\"Consultations m\u00e9dicales \u00e0 domicile dans le canton de Gen\u00e8ve\",\"publisher\":{\"@id\":\"https:\\\/\\\/medecinsadomicile.ch\\\/#organization\"},\"potentialAction\":[{\"@type\":\"SearchAction\",\"target\":{\"@type\":\"EntryPoint\",\"urlTemplate\":\"https:\\\/\\\/medecinsadomicile.ch\\\/?s={search_term_string}\"},\"query-input\":{\"@type\":\"PropertyValueSpecification\",\"valueRequired\":true,\"valueName\":\"search_term_string\"}}],\"inLanguage\":\"en-US\"},{\"@type\":\"Organization\",\"@id\":\"https:\\\/\\\/medecinsadomicile.ch\\\/#organization\",\"name\":\"M\u00e9decins \u00e0 domicile\",\"url\":\"https:\\\/\\\/medecinsadomicile.ch\\\/\",\"logo\":{\"@type\":\"ImageObject\",\"inLanguage\":\"en-US\",\"@id\":\"https:\\\/\\\/medecinsadomicile.ch\\\/#\\\/schema\\\/logo\\\/image\\\/\",\"url\":\"https:\\\/\\\/medecinsadomicile.ch\\\/wp-content\\\/uploads\\\/2020\\\/04\\\/logo-medecins-a-domicile-geneve@2x.png\",\"contentUrl\":\"https:\\\/\\\/medecinsadomicile.ch\\\/wp-content\\\/uploads\\\/2020\\\/04\\\/logo-medecins-a-domicile-geneve@2x.png\",\"width\":526,\"height\":226,\"caption\":\"M\u00e9decins \u00e0 domicile\"},\"image\":{\"@id\":\"https:\\\/\\\/medecinsadomicile.ch\\\/#\\\/schema\\\/logo\\\/image\\\/\"}}]}<\/script>\n<!-- \/ Yoast SEO plugin. -->","yoast_head_json":{"title":"Sitemap - M\u00e9decins \u00e0 domicile Gen\u00e8ve","robots":{"index":"noindex","follow":"follow"},"og_locale":"en_US","og_type":"article","og_title":"Sitemap - M\u00e9decins \u00e0 domicile Gen\u00e8ve","og_description":"[vc_row css=&#8221;.vc_custom_1589964029437{margin-bottom: 60px !important;}&#8221;][vc_column][vc_widget_sidebar sidebar_id=&#8221;sidebar_5&#8243;][\/vc_column][\/vc_row][vc_row full_width=&#8221;stretch_row&#8221; equal_height=&#8221;yes&#8221; content_placement=&#8221;middle&#8221; type=&#8221;vc_default&#8221; css=&#8221;.vc_custom_1588188437274{padding-top: 40px !important;padding-bottom: 40px !important;background-color: #348bde !important;}&#8221;][vc_column offset=&#8221;vc_col-lg-8 vc_col-md-8 vc_col-xs-12&#8243;][vc_row_inner][vc_column_inner offset=&#8221;vc_hidden-sm vc_hidden-xs&#8221;][\/vc_column_inner][\/vc_row_inner][vc_row_inner][vc_column_inner offset=&#8221;vc_hidden-lg vc_hidden-md&#8221;][\/vc_column_inner][\/vc_row_inner][\/vc_column][vc_column offset=&#8221;vc_col-lg-4 vc_col-md-4 vc_hidden-sm vc_col-xs-12 vc_hidden-xs&#8221;][\/vc_column][\/vc_row]","og_url":"https:\/\/medecinsadomicile.ch\/en\/sitemap\/","og_site_name":"M\u00e9decins \u00e0 domicile Gen\u00e8ve","twitter_card":"summary_large_image","twitter_misc":{"Est. reading time":"2 minutes"},"schema":{"@context":"https:\/\/schema.org","@graph":[{"@type":"WebPage","@id":"https:\/\/medecinsadomicile.ch\/en\/sitemap\/","url":"https:\/\/medecinsadomicile.ch\/en\/sitemap\/","name":"Sitemap - M\u00e9decins \u00e0 domicile Gen\u00e8ve","isPartOf":{"@id":"https:\/\/medecinsadomicile.ch\/#website"},"datePublished":"2020-05-27T15:29:18+00:00","breadcrumb":{"@id":"https:\/\/medecinsadomicile.ch\/en\/sitemap\/#breadcrumb"},"inLanguage":"en-US","potentialAction":[{"@type":"ReadAction","target":["https:\/\/medecinsadomicile.ch\/en\/sitemap\/"]}]},{"@type":"BreadcrumbList","@id":"https:\/\/medecinsadomicile.ch\/en\/sitemap\/#breadcrumb","itemListElement":[{"@type":"ListItem","position":1,"name":"Accueil","item":"https:\/\/medecinsadomicile.ch\/en\/"},{"@type":"ListItem","position":2,"name":"Sitemap"}]},{"@type":"WebSite","@id":"https:\/\/medecinsadomicile.ch\/#website","url":"https:\/\/medecinsadomicile.ch\/","name":"M\u00e9decins \u00e0 domicile Gen\u00e8ve","description":"Consultations m\u00e9dicales \u00e0 domicile dans le canton de Gen\u00e8ve","publisher":{"@id":"https:\/\/medecinsadomicile.ch\/#organization"},"potentialAction":[{"@type":"SearchAction","target":{"@type":"EntryPoint","urlTemplate":"https:\/\/medecinsadomicile.ch\/?s={search_term_string}"},"query-input":{"@type":"PropertyValueSpecification","valueRequired":true,"valueName":"search_term_string"}}],"inLanguage":"en-US"},{"@type":"Organization","@id":"https:\/\/medecinsadomicile.ch\/#organization","name":"M\u00e9decins \u00e0 domicile","url":"https:\/\/medecinsadomicile.ch\/","logo":{"@type":"ImageObject","inLanguage":"en-US","@id":"https:\/\/medecinsadomicile.ch\/#\/schema\/logo\/image\/","url":"https:\/\/medecinsadomicile.ch\/wp-content\/uploads\/2020\/04\/logo-medecins-a-domicile-geneve@2x.png","contentUrl":"https:\/\/medecinsadomicile.ch\/wp-content\/uploads\/2020\/04\/logo-medecins-a-domicile-geneve@2x.png","width":526,"height":226,"caption":"M\u00e9decins \u00e0 domicile"},"image":{"@id":"https:\/\/medecinsadomicile.ch\/#\/schema\/logo\/image\/"}}]}},"_links":{"self":[{"href":"https:\/\/medecinsadomicile.ch\/en\/wp-json\/wp\/v2\/pages\/1472","targetHints":{"allow":["GET"]}}],"collection":[{"href":"https:\/\/medecinsadomicile.ch\/en\/wp-json\/wp\/v2\/pages"}],"about":[{"href":"https:\/\/medecinsadomicile.ch\/en\/wp-json\/wp\/v2\/types\/page"}],"author":[{"embeddable":true,"href":"https:\/\/medecinsadomicile.ch\/en\/wp-json\/wp\/v2\/users\/1"}],"replies":[{"embeddable":true,"href":"https:\/\/medecinsadomicile.ch\/en\/wp-json\/wp\/v2\/comments?post=1472"}],"version-history":[{"count":3,"href":"https:\/\/medecinsadomicile.ch\/en\/wp-json\/wp\/v2\/pages\/1472\/revisions"}],"predecessor-version":[{"id":1487,"href":"https:\/\/medecinsadomicile.ch\/en\/wp-json\/wp\/v2\/pages\/1472\/revisions\/1487"}],"wp:attachment":[{"href":"https:\/\/medecinsadomicile.ch\/en\/wp-json\/wp\/v2\/media?parent=1472"}],"curies":[{"name":"wp","href":"https:\/\/api.w.org\/{rel}","templated":true}]}}