{"id":1394,"date":"2020-05-19T19:04:29","date_gmt":"2020-05-19T17:04:29","guid":{"rendered":"https:\/\/medecinsadomicile.ch\/useful-links\/"},"modified":"2020-06-24T18:57:03","modified_gmt":"2020-06-24T16:57:03","slug":"useful-links","status":"publish","type":"page","link":"https:\/\/medecinsadomicile.ch\/en\/useful-links\/","title":{"rendered":"Useful links"},"content":{"rendered":"<div class=\"wpb-content-wrapper\"><p>[vc_row full_width=&#8221;stretch_row&#8221; gap=&#8221;30&#8243; content_placement=&#8221;middle&#8221; bg_type=&#8221;image&#8221; parallax_style=&#8221;vcpb-default&#8221; bg_image_new=&#8221;id^1235|url^https:\/\/medecinsadomicile.ch\/wp-content\/uploads\/2020\/05\/img-header-liens-utiles-mad.jpg|caption^null|alt^null|title^img-header-liens-utiles-mad|description^null&#8221; bg_image_repeat=&#8221;no-repeat&#8221; bg_override=&#8221;ex-full&#8221; enable_overlay=&#8221;enable_overlay_value&#8221; overlay_color=&#8221;rgba(43,40,40,0.5)&#8221; type=&#8221;vc_default&#8221; css=&#8221;.vc_custom_1589808532054{margin-top: -80px !important;padding-top: 120px !important;padding-bottom: 120px !important;}&#8221; el_class=&#8221;mad-header&#8221;][vc_column offset=&#8221;vc_col-lg-offset-0 vc_col-md-offset-0 vc_col-sm-offset-0&#8243; css=&#8221;.vc_custom_1589805896005{padding-right: 6% !important;padding-left: 6% !important;}&#8221;]<div id=\"ultimate-heading-79106a00a76a791c3\" class=\"uvc-heading ult-adjust-bottom-margin ultimate-heading-79106a00a76a791c3 uvc-2341 title-white\" data-hspacer=\"no_spacer\"  data-halign=\"center\" style=\"text-align:center\"><div class=\"uvc-heading-spacer no_spacer\" style=\"top\"><\/div><div class=\"uvc-main-heading ult-responsive\"  data-ultimate-target='.uvc-heading.ultimate-heading-79106a00a76a791c3 h1'  data-responsive-json-new='{\"font-size\":\"desktop:60px;tablet_portrait:40px;mobile_landscape:40px;mobile:30px;\",\"line-height\":\"desktop:65px;tablet_portrait:45px;mobile_landscape:45px;mobile:35px;\"}' ><h1 style=\"--font-weight:theme;color:#ffffff;\">Useful links<\/h1><\/div><div class=\"uvc-sub-heading ult-responsive\"  data-ultimate-target='.uvc-heading.ultimate-heading-79106a00a76a791c3 .uvc-sub-heading '  data-responsive-json-new='{\"font-size\":\"desktop:18px;\",\"line-height\":\"desktop:30px;\"}'  style=\"font-weight:normal;color:#ffffff;margin-top:20px;margin-bottom:20px;\"><\/p>\n<h2>Useful links from M\u00e9decins \u00e0 domicile in Geneva and its region<\/h2>\n<p><\/div><\/div>[vc_empty_space height=&#8221;30px&#8221;][vc_row_inner][vc_column_inner width=&#8221;1\/2&#8243; offset=&#8221;vc_col-lg-offset-3 vc_col-lg-3 vc_col-md-offset-2 vc_col-md-4&#8243;]<div class=\" ubtn-ctn-center \"><a class=\"ubtn-link ult-adjust-bottom-margin ubtn-center ubtn-normal \" href=\"tel:+41223403636\" ><button type=\"button\" id=\"ubtn-7411\"  class=\"ubtn ult-adjust-bottom-margin ult-responsive ubtn-normal ubtn-fade-bg  ulta-grow  ubtn-center   tooltip-6a00a76a79273 ubtn-tooltip top\" data-toggle=\"tooltip\" data-placement=\"top\" title=\"Call M\u00e9decins \u00e0 Domicile\" data-hover=\"#ffffff\" data-border-color=\"#348bde\" data-bg=\"#348bde\" data-hover-bg=\"#348bde\" data-border-hover=\"rgba(52,139,222,0.01)\" data-shadow-hover=\"\" data-shadow-click=\"none\" data-shadow=\"\" data-shd-shadow=\"\"  data-ultimate-target='#ubtn-7411'  data-responsive-json-new='{\"font-size\":\"desktop:20px;\",\"line-height\":\"desktop:22px;\"}'  style=\"font-family:&#039;Roboto&#039;;font-weight:normal;border-radius:6px;border-width:2px;border-color:#348bde;border-style:solid;background: #348bde;color: #ffffff;\"><span class=\"ubtn-hover\" style=\"background-color:#348bde\"><\/span><span class=\"ubtn-data ubtn-text \" >CALL<\/span><\/button><\/a><\/div>[\/vc_column_inner][vc_column_inner width=&#8221;1\/2&#8243; offset=&#8221;vc_col-lg-offset-0 vc_col-lg-3 vc_col-md-offset-0 vc_col-md-4&#8243;]<div class=\" ubtn-ctn-center \"><a class=\"ubtn-link ult-adjust-bottom-margin ubtn-center ubtn-normal \" href=\"https:\/\/medecinsadomicile.ch\/en\/our-services\/\" ><button type=\"button\" id=\"ubtn-6695\"  class=\"ubtn ult-adjust-bottom-margin ult-responsive ubtn-normal ubtn-fade-bg  ulta-grow  ubtn-center   tooltip-6a00a76a7934b ubtn-tooltip top\" data-toggle=\"tooltip\" data-placement=\"top\" title=\"medical consultations at home\" data-hover=\"#ffffff\" data-border-color=\"#ffffff\" data-bg=\"rgba(52,139,222,0.01)\" data-hover-bg=\"rgba(52,139,222,0.7)\" data-border-hover=\"rgba(255,255,255,0)\" data-shadow-hover=\"\" data-shadow-click=\"none\" data-shadow=\"\" data-shd-shadow=\"\"  data-ultimate-target='#ubtn-6695'  data-responsive-json-new='{\"font-size\":\"desktop:20px;\",\"line-height\":\"desktop:22px;\"}'  style=\"font-family:&#039;Roboto&#039;;font-weight:normal;border-radius:6px;border-width:2px;border-color:#ffffff;border-style:solid;background: rgba(52,139,222,0.01);color: #ffffff;\"><span class=\"ubtn-hover\" style=\"background-color:rgba(52,139,222,0.7)\"><\/span><span class=\"ubtn-data ubtn-text \" >OUR SERVICES<\/span><\/button><\/a><\/div>[\/vc_column_inner][\/vc_row_inner][\/vc_column][\/vc_row][vc_row full_width=&#8221;stretch_row&#8221; gap=&#8221;30&#8243; css=&#8221;.vc_custom_1589809989477{margin-top: 60px !important;margin-bottom: 0px !important;}&#8221; el_class=&#8221;box-mad-section&#8221;][vc_column css_animation=&#8221;fadeInDown&#8221; width=&#8221;1\/3&#8243; css=&#8221;.vc_custom_1589808846730{background-color: #f9fbfe !important;}&#8221;][vc_column_text css=&#8221;.vc_custom_1589809525893{padding-top: 10% !important;padding-right: 10% !important;padding-bottom: 10% !important;padding-left: 10% !important;}&#8221; el_class=&#8221;box-mad-liens-utiles&#8221;]<\/p>\n<h3 class=\"titlemad\">Pharmacies on call in Geneva<\/h3>\n<p><a href=\"https:\/\/pharmageneve.swiss\/pharmacies-de-garde\" target=\"_blank\" rel=\"noopener noreferrer\">pharmageneve.pharmacity.ch<\/a>[\/vc_column_text][\/vc_column][vc_column css_animation=&#8221;fadeInDown&#8221; width=&#8221;1\/3&#8243; css=&#8221;.vc_custom_1589808940814{background-color: #f9fbfe !important;}&#8221;][vc_column_text css=&#8221;.vc_custom_1589809531803{padding-top: 10% !important;padding-right: 10% !important;padding-bottom: 10% !important;padding-left: 10% !important;}&#8221; el_class=&#8221;box-mad-liens-utiles&#8221;]<\/p>\n<h3 class=\"titlemad\">Pharmacies in the canton of Geneva<\/h3>\n<p><a href=\"https:\/\/pharmacie-principale.ch\/\" target=\"_blank\" rel=\"noopener noreferrer\">pharmacie-principale.ch<\/a><br \/>\n<a href=\"https:\/\/pharmacieplus.ch\/fr\" target=\"_blank\" rel=\"noopener noreferrer\">pharmacieplus.ch<\/a><br \/>\n<a href=\"https:\/\/www.pharmaciepopulaire.ch\/\" target=\"_blank\" rel=\"noopener noreferrer\">pharmaciepopulaire.ch<\/a>[\/vc_column_text][\/vc_column][vc_column css_animation=&#8221;fadeInDown&#8221; width=&#8221;1\/3&#8243; css=&#8221;.vc_custom_1589808952265{background-color: #f9fbfe !important;}&#8221;][vc_column_text css=&#8221;.vc_custom_1590080148063{padding-top: 10% !important;padding-right: 10% !important;padding-bottom: 10% !important;padding-left: 10% !important;}&#8221; el_class=&#8221;box-mad-liens-utiles&#8221;]<\/p>\n<h3 class=\"titlemad\">Vital Emergencies in Switzerland<\/h3>\n<p><a href=\"tel:144\" target=\"_blank\" rel=\"noopener noreferrer\">Tel : 144<\/a>[\/vc_column_text][\/vc_column][\/vc_row][vc_row full_width=&#8221;stretch_row&#8221; gap=&#8221;30&#8243; css=&#8221;.vc_custom_1589810002429{margin-bottom: 0px !important;}&#8221; el_class=&#8221;box-mad-section&#8221;][vc_column css_animation=&#8221;fadeInDown&#8221; width=&#8221;1\/3&#8243; css=&#8221;.vc_custom_1589808846730{background-color: #f9fbfe !important;}&#8221;][vc_column_text css=&#8221;.vc_custom_1590080140340{padding-top: 10% !important;padding-right: 10% !important;padding-bottom: 10% !important;padding-left: 10% !important;}&#8221; el_class=&#8221;box-mad-liens-utiles&#8221;]<\/p>\n<h3 class=\"titlemad\">Swiss Poison Control Center<\/h3>\n<p><a href=\"tel:145\" target=\"_blank\" rel=\"noopener noreferrer\">Tel : 145<\/a>[\/vc_column_text][\/vc_column][vc_column css_animation=&#8221;fadeInDown&#8221; width=&#8221;1\/3&#8243; css=&#8221;.vc_custom_1589808940814{background-color: #f9fbfe !important;}&#8221;][vc_column_text css=&#8221;.vc_custom_1589809550783{padding-top: 10% !important;padding-right: 10% !important;padding-bottom: 10% !important;padding-left: 10% !important;}&#8221; el_class=&#8221;box-mad-liens-utiles&#8221;]<\/p>\n<h3 class=\"titlemad\">Home Medical Consultations in Geneva<\/h3>\n<p><a href=\"https:\/\/medecinsadomicile.ch\" target=\"_self\" rel=\"noopener noreferrer\">medecinsadomicile.ch<\/a><br \/>\n<a href=\"https:\/\/www.hug-ge.ch\/\" target=\"_blank\" rel=\"noopener noreferrer\">hug-ge.ch<\/a><br \/>\n<a href=\"https:\/\/www.amge.ch\/\" target=\"_blank\" rel=\"noopener noreferrer\">amge.ch<\/a>[\/vc_column_text][\/vc_column][vc_column css_animation=&#8221;fadeInDown&#8221; width=&#8221;1\/3&#8243; css=&#8221;.vc_custom_1589808952265{background-color: #f9fbfe !important;}&#8221;][vc_column_text css=&#8221;.vc_custom_1593017819809{padding-top: 10% !important;padding-right: 10% !important;padding-bottom: 10% !important;padding-left: 10% !important;}&#8221; el_class=&#8221;box-mad-liens-utiles&#8221;]<\/p>\n<h3 class=\"titlemad\">Nursing home care<\/h3>\n<p><a href=\"https:\/\/permed.ch\/\" target=\"_blank\" rel=\"noopener noreferrer\">permed.ch<\/a><br \/>\n<a href=\"https:\/\/sitexsa.ch\/\" target=\"_blank\" rel=\"noopener noreferrer\">sitexsa.ch<\/a><br \/>\n<a href=\"http:\/\/presti-services.ch\/\" target=\"_blank\" rel=\"noopener noreferrer\">presti-services.ch<\/a><br \/>\n<a href=\"https:\/\/www.keycare.ch\/\" target=\"_blank\" rel=\"noopener noreferrer\">www.keycare.ch\/<\/a>[\/vc_column_text][\/vc_column][\/vc_row][vc_row full_width=&#8221;stretch_row&#8221; gap=&#8221;30&#8243; css=&#8221;.vc_custom_1589810017209{margin-bottom: 60px !important;}&#8221; el_class=&#8221;box-mad-section&#8221;][vc_column css_animation=&#8221;fadeInDown&#8221; width=&#8221;1\/3&#8243; css=&#8221;.vc_custom_1589809732043{background-color: #f9fbfe !important;}&#8221;][vc_column_text css=&#8221;.vc_custom_1589809563727{padding-top: 10% !important;padding-right: 10% !important;padding-bottom: 10% !important;padding-left: 10% !important;}&#8221; el_class=&#8221;box-mad-liens-utiles&#8221;]<\/p>\n<h3 class=\"titlemad\">Home Physiotherapy<\/h3>\n<p><a href=\"https:\/\/physiomoriconi.ch\/\" target=\"_blank\" rel=\"noopener noreferrer\">myphysio.ch<\/a><br \/>\n<a href=\"https:\/\/activsante.ch\/\" target=\"_blank\" rel=\"noopener noreferrer\">activsante.ch<\/a>[\/vc_column_text][\/vc_column][vc_column width=&#8221;1\/3&#8243; css=&#8221;.vc_custom_1589809746017{background-color: #f9fbfe !important;}&#8221;][vc_column_text css=&#8221;.vc_custom_1589809568990{padding-top: 10% !important;padding-right: 10% !important;padding-bottom: 10% !important;padding-left: 10% !important;}&#8221; el_class=&#8221;box-mad-liens-utiles&#8221;]<\/p>\n<h3 class=\"titlemad\">Nutrition Consultation<\/h3>\n<p><a href=\"https:\/\/teamnutrition.ch\/\" target=\"_blank\" rel=\"noopener noreferrer\">teamnutrition.ch<\/a>[\/vc_column_text][\/vc_column][vc_column width=&#8221;1\/3&#8243;][\/vc_column][\/vc_row][vc_row full_width=&#8221;stretch_row&#8221; equal_height=&#8221;yes&#8221; content_placement=&#8221;middle&#8221; type=&#8221;vc_default&#8221; css=&#8221;.vc_custom_1588188437274{padding-top: 40px !important;padding-bottom: 40px !important;background-color: #348bde !important;}&#8221;][vc_column offset=&#8221;vc_col-lg-8 vc_col-md-8 vc_col-xs-12&#8243;][vc_row_inner][vc_column_inner offset=&#8221;vc_hidden-sm vc_hidden-xs&#8221;]<div id=\"ultimate-heading-27936a00a76a793c1\" class=\"uvc-heading ult-adjust-bottom-margin ultimate-heading-27936a00a76a793c1 uvc-2299 \" data-hspacer=\"no_spacer\"  data-halign=\"left\" style=\"text-align:left\"><div class=\"uvc-heading-spacer no_spacer\" style=\"top\"><\/div><div class=\"uvc-main-heading ult-responsive\"  data-ultimate-target='.uvc-heading.ultimate-heading-27936a00a76a793c1 h2'  data-responsive-json-new='{\"font-size\":\"desktop:30px;\",\"line-height\":\"desktop:40px;\"}' ><h2 style=\"--font-weight:theme;color:#ffffff;margin-bottom:10px;\">Medical consultations at home in the Geneva canton<\/h2><\/div><div class=\"uvc-sub-heading ult-responsive\"  data-ultimate-target='.uvc-heading.ultimate-heading-27936a00a76a793c1 .uvc-sub-heading '  data-responsive-json-new='{\"font-size\":\"desktop:17px;\",\"line-height\":\"desktop:27px;\"}'  style=\"font-weight:normal;color:#ffffff;\">Our reception is open from Monday to Friday between 8:00 to 19:00 non-stop<\/div><\/div>[\/vc_column_inner][\/vc_row_inner][vc_row_inner][vc_column_inner offset=&#8221;vc_hidden-lg vc_hidden-md&#8221;]<div id=\"ultimate-heading-15606a00a76a79421\" class=\"uvc-heading ult-adjust-bottom-margin ultimate-heading-15606a00a76a79421 uvc-7969 \" data-hspacer=\"no_spacer\"  data-halign=\"center\" style=\"text-align:center\"><div class=\"uvc-heading-spacer no_spacer\" style=\"top\"><\/div><div class=\"uvc-main-heading ult-responsive\"  data-ultimate-target='.uvc-heading.ultimate-heading-15606a00a76a79421 h2'  data-responsive-json-new='{\"font-size\":\"desktop:30px;\",\"line-height\":\"desktop:40px;\"}' ><h2 style=\"--font-weight:theme;color:#ffffff;margin-bottom:10px;\">Medical consultations at home in the Geneva canton<\/h2><\/div><div class=\"uvc-sub-heading ult-responsive\"  data-ultimate-target='.uvc-heading.ultimate-heading-15606a00a76a79421 .uvc-sub-heading '  data-responsive-json-new='{\"font-size\":\"desktop:17px;\",\"line-height\":\"desktop:27px;\"}'  style=\"font-weight:normal;color:#ffffff;\">Our reception is open from Monday to Friday between 8:00 to 19:00 non-stop<\/div><\/div><div class=\" ubtn-ctn-center \"><a class=\"ubtn-link ult-adjust-bottom-margin ubtn-center ubtn-small \" href=\"tel:+41223403636\" ><button type=\"button\" id=\"ubtn-8449\"  class=\"ubtn ult-adjust-bottom-margin ult-responsive ubtn-small ubtn-fade-bg  none  ubtn-center   tooltip-6a00a76a79471\"  data-hover=\"#348bde\" data-border-color=\"#ffffff\" data-bg=\"\" data-hover-bg=\"#ffffff\" data-border-hover=\"#ffffff\" data-shadow-hover=\"\" data-shadow-click=\"none\" data-shadow=\"\" data-shd-shadow=\"\"  data-ultimate-target='#ubtn-8449'  data-responsive-json-new='{\"font-size\":\"desktop:18px;\",\"line-height\":\"desktop:22px;\"}'  style=\"font-weight:normal;border-radius:6px;border-width:2px;border-color:#ffffff;border-style:solid;color: #ffffff;\"><span class=\"ubtn-hover\" style=\"background-color:#ffffff\"><\/span><span class=\"ubtn-data ubtn-text \" >022 340 36 36<\/span><\/button><\/a><\/div>[\/vc_column_inner][\/vc_row_inner][\/vc_column][vc_column offset=&#8221;vc_col-lg-4 vc_col-md-4 vc_hidden-sm vc_col-xs-12 vc_hidden-xs&#8221;]<div class=\" vc_custom_1590080156010 ubtn-ctn-center \"><a class=\"ubtn-link ult-adjust-bottom-margin ubtn-center ubtn-large \" href=\"tel:+41223403636\" ><button type=\"button\" id=\"ubtn-4037\"  class=\"ubtn ult-adjust-bottom-margin ult-responsive ubtn-large ubtn-fade-bg  ulta-grow  ubtn-center   tooltip-6a00a76a794c6 ubtn-tooltip top\" data-toggle=\"tooltip\" data-placement=\"top\" title=\"Call M\u00e9decins \u00e0 Domicile\" data-hover=\"#348bde\" data-border-color=\"#ffffff\" data-bg=\"#348bde\" data-hover-bg=\"#ffffff\" data-border-hover=\"#348bde\" data-shadow-hover=\"\" data-shadow-click=\"none\" data-shadow=\"\" data-shd-shadow=\"\"  data-ultimate-target='#ubtn-4037'  data-responsive-json-new='{\"font-size\":\"desktop:24px;tablet:20px;tablet_portrait:20px;\",\"line-height\":\"desktop:26px;tablet:22px;tablet_portrait:22px;\"}'  style=\"font-weight:normal;border-radius:6px;border-width:2px;border-color:#ffffff;border-style:solid;background: #348bde;color: #ffffff;\"><span class=\"ubtn-hover\" style=\"background-color:#ffffff\"><\/span><span class=\"ubtn-data ubtn-text \" >022 340 36 36<\/span><\/button><\/a><\/div>[\/vc_column][\/vc_row]<\/p>\n<\/div>","protected":false},"excerpt":{"rendered":"<p>[vc_row full_width=&#8221;stretch_row&#8221; gap=&#8221;30&#8243; content_placement=&#8221;middle&#8221; bg_type=&#8221;image&#8221; parallax_style=&#8221;vcpb-default&#8221; bg_image_new=&#8221;id^1235|url^https:\/\/medecinsadomicile.ch\/wp-content\/uploads\/2020\/05\/img-header-liens-utiles-mad.jpg|caption^null|alt^null|title^img-header-liens-utiles-mad|description^null&#8221; bg_image_repeat=&#8221;no-repeat&#8221; bg_override=&#8221;ex-full&#8221; enable_overlay=&#8221;enable_overlay_value&#8221; overlay_color=&#8221;rgba(43,40,40,0.5)&#8221; type=&#8221;vc_default&#8221; css=&#8221;.vc_custom_1589808532054{margin-top: -80px !important;padding-top: 120px !important;padding-bottom: 120px !important;}&#8221; el_class=&#8221;mad-header&#8221;][vc_column offset=&#8221;vc_col-lg-offset-0 vc_col-md-offset-0 vc_col-sm-offset-0&#8243; css=&#8221;.vc_custom_1589805896005{padding-right: 6% !important;padding-left: 6% !important;}&#8221;][vc_empty_space height=&#8221;30px&#8221;][vc_row_inner][vc_column_inner width=&#8221;1\/2&#8243; offset=&#8221;vc_col-lg-offset-3 vc_col-lg-3 vc_col-md-offset-2 vc_col-md-4&#8243;][\/vc_column_inner][vc_column_inner width=&#8221;1\/2&#8243; offset=&#8221;vc_col-lg-offset-0 vc_col-lg-3 vc_col-md-offset-0 vc_col-md-4&#8243;][\/vc_column_inner][\/vc_row_inner][\/vc_column][\/vc_row][vc_row full_width=&#8221;stretch_row&#8221; gap=&#8221;30&#8243; css=&#8221;.vc_custom_1589809989477{margin-top: 60px !important;margin-bottom: 0px !important;}&#8221; el_class=&#8221;box-mad-section&#8221;][vc_column css_animation=&#8221;fadeInDown&#8221; width=&#8221;1\/3&#8243; css=&#8221;.vc_custom_1589808846730{background-color: #f9fbfe !important;}&#8221;][vc_column_text css=&#8221;.vc_custom_1589809525893{padding-top: 10% !important;padding-right:&hellip;<\/p>\n","protected":false},"author":1,"featured_media":0,"parent":0,"menu_order":4,"comment_status":"closed","ping_status":"closed","template":"","meta":{"footnotes":""},"class_list":["post-1394","page","type-page","status-publish","hentry","description-off"],"yoast_head":"<!-- This site is optimized with the Yoast SEO plugin v27.4 - https:\/\/yoast.com\/product\/yoast-seo-wordpress\/ -->\n<title>Useful links - M\u00e9decins \u00e0 domicile Gen\u00e8ve<\/title>\n<meta name=\"description\" content=\"Useful links from M\u00e9decins \u00e0 domicile in Geneva and its region. Pharmacies, home medical consultations, vital emergencies in Switzerland.\" \/>\n<meta name=\"robots\" content=\"index, follow, max-snippet:-1, max-image-preview:large, max-video-preview:-1\" \/>\n<link rel=\"canonical\" href=\"https:\/\/medecinsadomicile.ch\/en\/useful-links\/\" \/>\n<meta property=\"og:locale\" content=\"en_US\" \/>\n<meta property=\"og:type\" content=\"article\" \/>\n<meta property=\"og:title\" content=\"Useful links - M\u00e9decins \u00e0 domicile Gen\u00e8ve\" \/>\n<meta property=\"og:description\" content=\"Useful links from M\u00e9decins \u00e0 domicile in Geneva and its region. Pharmacies, home medical consultations, vital emergencies in Switzerland.\" \/>\n<meta property=\"og:url\" content=\"https:\/\/medecinsadomicile.ch\/en\/useful-links\/\" \/>\n<meta property=\"og:site_name\" content=\"M\u00e9decins \u00e0 domicile Gen\u00e8ve\" \/>\n<meta property=\"article:modified_time\" content=\"2020-06-24T16:57:03+00:00\" \/>\n<meta name=\"twitter:card\" content=\"summary_large_image\" \/>\n<meta name=\"twitter:label1\" content=\"Est. reading time\" \/>\n\t<meta name=\"twitter:data1\" content=\"6 minutes\" \/>\n<script type=\"application\/ld+json\" class=\"yoast-schema-graph\">{\"@context\":\"https:\\\/\\\/schema.org\",\"@graph\":[{\"@type\":\"WebPage\",\"@id\":\"https:\\\/\\\/medecinsadomicile.ch\\\/en\\\/useful-links\\\/\",\"url\":\"https:\\\/\\\/medecinsadomicile.ch\\\/en\\\/useful-links\\\/\",\"name\":\"Useful links - M\u00e9decins \u00e0 domicile Gen\u00e8ve\",\"isPartOf\":{\"@id\":\"https:\\\/\\\/medecinsadomicile.ch\\\/#website\"},\"datePublished\":\"2020-05-19T17:04:29+00:00\",\"dateModified\":\"2020-06-24T16:57:03+00:00\",\"description\":\"Useful links from M\u00e9decins \u00e0 domicile in Geneva and its region. Pharmacies, home medical consultations, vital emergencies in Switzerland.\",\"breadcrumb\":{\"@id\":\"https:\\\/\\\/medecinsadomicile.ch\\\/en\\\/useful-links\\\/#breadcrumb\"},\"inLanguage\":\"en-US\",\"potentialAction\":[{\"@type\":\"ReadAction\",\"target\":[\"https:\\\/\\\/medecinsadomicile.ch\\\/en\\\/useful-links\\\/\"]}]},{\"@type\":\"BreadcrumbList\",\"@id\":\"https:\\\/\\\/medecinsadomicile.ch\\\/en\\\/useful-links\\\/#breadcrumb\",\"itemListElement\":[{\"@type\":\"ListItem\",\"position\":1,\"name\":\"Accueil\",\"item\":\"https:\\\/\\\/medecinsadomicile.ch\\\/en\\\/\"},{\"@type\":\"ListItem\",\"position\":2,\"name\":\"Useful links\"}]},{\"@type\":\"WebSite\",\"@id\":\"https:\\\/\\\/medecinsadomicile.ch\\\/#website\",\"url\":\"https:\\\/\\\/medecinsadomicile.ch\\\/\",\"name\":\"M\u00e9decins \u00e0 domicile Gen\u00e8ve\",\"description\":\"Consultations m\u00e9dicales \u00e0 domicile dans le canton de Gen\u00e8ve\",\"publisher\":{\"@id\":\"https:\\\/\\\/medecinsadomicile.ch\\\/#organization\"},\"potentialAction\":[{\"@type\":\"SearchAction\",\"target\":{\"@type\":\"EntryPoint\",\"urlTemplate\":\"https:\\\/\\\/medecinsadomicile.ch\\\/?s={search_term_string}\"},\"query-input\":{\"@type\":\"PropertyValueSpecification\",\"valueRequired\":true,\"valueName\":\"search_term_string\"}}],\"inLanguage\":\"en-US\"},{\"@type\":\"Organization\",\"@id\":\"https:\\\/\\\/medecinsadomicile.ch\\\/#organization\",\"name\":\"M\u00e9decins \u00e0 domicile\",\"url\":\"https:\\\/\\\/medecinsadomicile.ch\\\/\",\"logo\":{\"@type\":\"ImageObject\",\"inLanguage\":\"en-US\",\"@id\":\"https:\\\/\\\/medecinsadomicile.ch\\\/#\\\/schema\\\/logo\\\/image\\\/\",\"url\":\"https:\\\/\\\/medecinsadomicile.ch\\\/wp-content\\\/uploads\\\/2020\\\/04\\\/logo-medecins-a-domicile-geneve@2x.png\",\"contentUrl\":\"https:\\\/\\\/medecinsadomicile.ch\\\/wp-content\\\/uploads\\\/2020\\\/04\\\/logo-medecins-a-domicile-geneve@2x.png\",\"width\":526,\"height\":226,\"caption\":\"M\u00e9decins \u00e0 domicile\"},\"image\":{\"@id\":\"https:\\\/\\\/medecinsadomicile.ch\\\/#\\\/schema\\\/logo\\\/image\\\/\"}}]}<\/script>\n<!-- \/ Yoast SEO plugin. -->","yoast_head_json":{"title":"Useful links - M\u00e9decins \u00e0 domicile Gen\u00e8ve","description":"Useful links from M\u00e9decins \u00e0 domicile in Geneva and its region. Pharmacies, home medical consultations, vital emergencies in Switzerland.","robots":{"index":"index","follow":"follow","max-snippet":"max-snippet:-1","max-image-preview":"max-image-preview:large","max-video-preview":"max-video-preview:-1"},"canonical":"https:\/\/medecinsadomicile.ch\/en\/useful-links\/","og_locale":"en_US","og_type":"article","og_title":"Useful links - M\u00e9decins \u00e0 domicile Gen\u00e8ve","og_description":"Useful links from M\u00e9decins \u00e0 domicile in Geneva and its region. Pharmacies, home medical consultations, vital emergencies in Switzerland.","og_url":"https:\/\/medecinsadomicile.ch\/en\/useful-links\/","og_site_name":"M\u00e9decins \u00e0 domicile Gen\u00e8ve","article_modified_time":"2020-06-24T16:57:03+00:00","twitter_card":"summary_large_image","twitter_misc":{"Est. reading time":"6 minutes"},"schema":{"@context":"https:\/\/schema.org","@graph":[{"@type":"WebPage","@id":"https:\/\/medecinsadomicile.ch\/en\/useful-links\/","url":"https:\/\/medecinsadomicile.ch\/en\/useful-links\/","name":"Useful links - M\u00e9decins \u00e0 domicile Gen\u00e8ve","isPartOf":{"@id":"https:\/\/medecinsadomicile.ch\/#website"},"datePublished":"2020-05-19T17:04:29+00:00","dateModified":"2020-06-24T16:57:03+00:00","description":"Useful links from M\u00e9decins \u00e0 domicile in Geneva and its region. Pharmacies, home medical consultations, vital emergencies in Switzerland.","breadcrumb":{"@id":"https:\/\/medecinsadomicile.ch\/en\/useful-links\/#breadcrumb"},"inLanguage":"en-US","potentialAction":[{"@type":"ReadAction","target":["https:\/\/medecinsadomicile.ch\/en\/useful-links\/"]}]},{"@type":"BreadcrumbList","@id":"https:\/\/medecinsadomicile.ch\/en\/useful-links\/#breadcrumb","itemListElement":[{"@type":"ListItem","position":1,"name":"Accueil","item":"https:\/\/medecinsadomicile.ch\/en\/"},{"@type":"ListItem","position":2,"name":"Useful links"}]},{"@type":"WebSite","@id":"https:\/\/medecinsadomicile.ch\/#website","url":"https:\/\/medecinsadomicile.ch\/","name":"M\u00e9decins \u00e0 domicile Gen\u00e8ve","description":"Consultations m\u00e9dicales \u00e0 domicile dans le canton de Gen\u00e8ve","publisher":{"@id":"https:\/\/medecinsadomicile.ch\/#organization"},"potentialAction":[{"@type":"SearchAction","target":{"@type":"EntryPoint","urlTemplate":"https:\/\/medecinsadomicile.ch\/?s={search_term_string}"},"query-input":{"@type":"PropertyValueSpecification","valueRequired":true,"valueName":"search_term_string"}}],"inLanguage":"en-US"},{"@type":"Organization","@id":"https:\/\/medecinsadomicile.ch\/#organization","name":"M\u00e9decins \u00e0 domicile","url":"https:\/\/medecinsadomicile.ch\/","logo":{"@type":"ImageObject","inLanguage":"en-US","@id":"https:\/\/medecinsadomicile.ch\/#\/schema\/logo\/image\/","url":"https:\/\/medecinsadomicile.ch\/wp-content\/uploads\/2020\/04\/logo-medecins-a-domicile-geneve@2x.png","contentUrl":"https:\/\/medecinsadomicile.ch\/wp-content\/uploads\/2020\/04\/logo-medecins-a-domicile-geneve@2x.png","width":526,"height":226,"caption":"M\u00e9decins \u00e0 domicile"},"image":{"@id":"https:\/\/medecinsadomicile.ch\/#\/schema\/logo\/image\/"}}]}},"_links":{"self":[{"href":"https:\/\/medecinsadomicile.ch\/en\/wp-json\/wp\/v2\/pages\/1394","targetHints":{"allow":["GET"]}}],"collection":[{"href":"https:\/\/medecinsadomicile.ch\/en\/wp-json\/wp\/v2\/pages"}],"about":[{"href":"https:\/\/medecinsadomicile.ch\/en\/wp-json\/wp\/v2\/types\/page"}],"author":[{"embeddable":true,"href":"https:\/\/medecinsadomicile.ch\/en\/wp-json\/wp\/v2\/users\/1"}],"replies":[{"embeddable":true,"href":"https:\/\/medecinsadomicile.ch\/en\/wp-json\/wp\/v2\/comments?post=1394"}],"version-history":[{"count":5,"href":"https:\/\/medecinsadomicile.ch\/en\/wp-json\/wp\/v2\/pages\/1394\/revisions"}],"predecessor-version":[{"id":1603,"href":"https:\/\/medecinsadomicile.ch\/en\/wp-json\/wp\/v2\/pages\/1394\/revisions\/1603"}],"wp:attachment":[{"href":"https:\/\/medecinsadomicile.ch\/en\/wp-json\/wp\/v2\/media?parent=1394"}],"curies":[{"name":"wp","href":"https:\/\/api.w.org\/{rel}","templated":true}]}}