{"id":1391,"date":"2020-05-19T18:24:49","date_gmt":"2020-05-19T16:24:49","guid":{"rendered":"https:\/\/medecinsadomicile.ch\/rates\/"},"modified":"2020-05-29T11:12:16","modified_gmt":"2020-05-29T09:12:16","slug":"rates","status":"publish","type":"page","link":"https:\/\/medecinsadomicile.ch\/en\/rates\/","title":{"rendered":"Rates"},"content":{"rendered":"<div class=\"wpb-content-wrapper\"><p>[vc_row full_width=&#8221;stretch_row&#8221; gap=&#8221;30&#8243; content_placement=&#8221;middle&#8221; bg_type=&#8221;image&#8221; parallax_style=&#8221;vcpb-default&#8221; bg_image_new=&#8221;id^1146|url^https:\/\/medecinsadomicile.ch\/wp-content\/uploads\/2020\/05\/img-header-tarifs-mad-3.jpg|caption^null|alt^null|title^img-header-tarifs-mad-3|description^null&#8221; bg_image_repeat=&#8221;no-repeat&#8221; bg_override=&#8221;ex-full&#8221; enable_overlay=&#8221;enable_overlay_value&#8221; overlay_color=&#8221;rgba(43,40,40,0.5)&#8221; type=&#8221;vc_default&#8221; css=&#8221;.vc_custom_1589805722165{margin-top: -80px !important;padding-top: 120px !important;padding-bottom: 120px !important;}&#8221; el_class=&#8221;mad-header&#8221;][vc_column offset=&#8221;vc_col-lg-offset-0 vc_col-md-offset-0 vc_col-sm-offset-0&#8243; css=&#8221;.vc_custom_1589805904304{padding-right: 6% !important;padding-left: 6% !important;}&#8221;]<div id=\"ultimate-heading-118569e208c1ddfd0\" class=\"uvc-heading ult-adjust-bottom-margin ultimate-heading-118569e208c1ddfd0 uvc-6933 title-white\" data-hspacer=\"no_spacer\"  data-halign=\"center\" style=\"text-align:center\"><div class=\"uvc-heading-spacer no_spacer\" style=\"top\"><\/div><div class=\"uvc-main-heading ult-responsive\"  data-ultimate-target='.uvc-heading.ultimate-heading-118569e208c1ddfd0 h1'  data-responsive-json-new='{\"font-size\":\"desktop:60px;tablet_portrait:40px;mobile_landscape:40px;mobile:30px;\",\"line-height\":\"desktop:65px;tablet_portrait:45px;mobile_landscape:45px;mobile:35px;\"}' ><h1 style=\"--font-weight:theme;color:#ffffff;\">Rates<\/h1><\/div><div class=\"uvc-sub-heading ult-responsive\"  data-ultimate-target='.uvc-heading.ultimate-heading-118569e208c1ddfd0 .uvc-sub-heading '  data-responsive-json-new='{\"font-size\":\"desktop:18px;\",\"line-height\":\"desktop:30px;\"}'  style=\"font-weight:normal;color:#ffffff;margin-top:20px;margin-bottom:20px;\"><\/p>\n<h2>Medical cost reimbursed by basic insurance<\/h2>\n<p><\/div><\/div>[vc_empty_space height=&#8221;30px&#8221;][vc_row_inner][vc_column_inner width=&#8221;1\/2&#8243; offset=&#8221;vc_col-lg-offset-3 vc_col-lg-3 vc_col-md-offset-2 vc_col-md-4&#8243;]<div class=\" ubtn-ctn-center \"><a class=\"ubtn-link ult-adjust-bottom-margin ubtn-center ubtn-normal \" href=\"tel:+41223403636\" ><button type=\"button\" id=\"ubtn-3900\"  class=\"ubtn ult-adjust-bottom-margin ult-responsive ubtn-normal ubtn-fade-bg  ulta-grow  ubtn-center   tooltip-69e208c1de0df ubtn-tooltip top\" data-toggle=\"tooltip\" data-placement=\"top\" title=\"Call M\u00e9decins \u00e0 Domicile\" data-hover=\"#ffffff\" data-border-color=\"#348bde\" data-bg=\"#348bde\" data-hover-bg=\"#348bde\" data-border-hover=\"rgba(52,139,222,0.01)\" data-shadow-hover=\"\" data-shadow-click=\"none\" data-shadow=\"\" data-shd-shadow=\"\"  data-ultimate-target='#ubtn-3900'  data-responsive-json-new='{\"font-size\":\"desktop:20px;\",\"line-height\":\"desktop:22px;\"}'  style=\"font-family:&#039;Roboto&#039;;font-weight:normal;border-radius:6px;border-width:2px;border-color:#348bde;border-style:solid;background: #348bde;color: #ffffff;\"><span class=\"ubtn-hover\" style=\"background-color:#348bde\"><\/span><span class=\"ubtn-data ubtn-text \" >CALL<\/span><\/button><\/a><\/div>[\/vc_column_inner][vc_column_inner width=&#8221;1\/2&#8243; offset=&#8221;vc_col-lg-offset-0 vc_col-lg-3 vc_col-md-offset-0 vc_col-md-4&#8243;]<div class=\" ubtn-ctn-center \"><a class=\"ubtn-link ult-adjust-bottom-margin ubtn-center ubtn-normal \" href=\"https:\/\/medecinsadomicile.ch\/en\/our-services\/\" ><button type=\"button\" id=\"ubtn-2050\"  class=\"ubtn ult-adjust-bottom-margin ult-responsive ubtn-normal ubtn-fade-bg  ulta-grow  ubtn-center   tooltip-69e208c1de287 ubtn-tooltip top\" data-toggle=\"tooltip\" data-placement=\"top\" title=\"Medical consultations at home\" data-hover=\"#ffffff\" data-border-color=\"#ffffff\" data-bg=\"rgba(52,139,222,0.01)\" data-hover-bg=\"rgba(52,139,222,0.7)\" data-border-hover=\"rgba(255,255,255,0)\" data-shadow-hover=\"\" data-shadow-click=\"none\" data-shadow=\"\" data-shd-shadow=\"\"  data-ultimate-target='#ubtn-2050'  data-responsive-json-new='{\"font-size\":\"desktop:20px;\",\"line-height\":\"desktop:22px;\"}'  style=\"font-family:&#039;Roboto&#039;;font-weight:normal;border-radius:6px;border-width:2px;border-color:#ffffff;border-style:solid;background: rgba(52,139,222,0.01);color: #ffffff;\"><span class=\"ubtn-hover\" style=\"background-color:rgba(52,139,222,0.7)\"><\/span><span class=\"ubtn-data ubtn-text \" >OUR SERVICES<\/span><\/button><\/a><\/div>[\/vc_column_inner][\/vc_row_inner][\/vc_column][\/vc_row][vc_row full_width=&#8221;stretch_row&#8221; gap=&#8221;30&#8243; css=&#8221;.vc_custom_1589748887701{margin-top: 60px !important;margin-bottom: 0px !important;padding-bottom: 30px !important;}&#8221; el_class=&#8221;box-mad-section&#8221;][vc_column css_animation=&#8221;fadeInLeft&#8221; width=&#8221;1\/2&#8243; css=&#8221;.vc_custom_1589752277403{background-color: #f9fbfe !important;}&#8221;][vc_column_text css=&#8221;.vc_custom_1590055837417{padding-top: 10% !important;padding-right: 10% !important;padding-bottom: 10% !important;padding-left: 10% !important;}&#8221; el_class=&#8221;box-mad&#8221;]<\/p>\n<h3>Medical cost reimbursed by basic insurance:<\/h3>\n<p>Our services are governed by the LAMal and the LAA and are reimbursed by basic health insurance (after deducting the deductible and the patients\u2019 contribution).<\/p>\n<p>The cost of a medical visits is regulated by Tarmed, which is the legal tariff for outpatient medical services throughout Switzerland and which has been applied since 1 January 2004.[\/vc_column_text][\/vc_column][vc_column css_animation=&#8221;fadeInRight&#8221; width=&#8221;1\/2&#8243; offset=&#8221;vc_col-lg-offset-0 vc_col-md-offset-0&#8243; css=&#8221;.vc_custom_1589752283964{background-color: #f9fbfe !important;}&#8221;][vc_column_text css=&#8221;.vc_custom_1590055856291{padding-top: 10% !important;padding-right: 10% !important;padding-bottom: 10% !important;padding-left: 10% !important;}&#8221; el_class=&#8221;box-mad&#8221;]<\/p>\n<h3>International insurances:<\/h3>\n<p>For those who are insured internationally, the cost of visits and home services are also established according to Tarmed with no additional cost.[\/vc_column_text][\/vc_column][\/vc_row][vc_row full_width=&#8221;stretch_row&#8221; equal_height=&#8221;yes&#8221; content_placement=&#8221;middle&#8221; type=&#8221;vc_default&#8221; css=&#8221;.vc_custom_1588188437274{padding-top: 40px !important;padding-bottom: 40px !important;background-color: #348bde !important;}&#8221;][vc_column offset=&#8221;vc_col-lg-8 vc_col-md-8 vc_col-xs-12&#8243;][vc_row_inner][vc_column_inner offset=&#8221;vc_hidden-sm vc_hidden-xs&#8221;]<div id=\"ultimate-heading-649169e208c1de3b2\" class=\"uvc-heading ult-adjust-bottom-margin ultimate-heading-649169e208c1de3b2 uvc-8734 \" data-hspacer=\"no_spacer\"  data-halign=\"left\" style=\"text-align:left\"><div class=\"uvc-heading-spacer no_spacer\" style=\"top\"><\/div><div class=\"uvc-main-heading ult-responsive\"  data-ultimate-target='.uvc-heading.ultimate-heading-649169e208c1de3b2 h2'  data-responsive-json-new='{\"font-size\":\"desktop:30px;\",\"line-height\":\"desktop:40px;\"}' ><h2 style=\"--font-weight:theme;color:#ffffff;margin-bottom:10px;\">Medical consultations at home in the Geneva canton<\/h2><\/div><div class=\"uvc-sub-heading ult-responsive\"  data-ultimate-target='.uvc-heading.ultimate-heading-649169e208c1de3b2 .uvc-sub-heading '  data-responsive-json-new='{\"font-size\":\"desktop:17px;\",\"line-height\":\"desktop:27px;\"}'  style=\"font-weight:normal;color:#ffffff;\">Our reception is open from Monday to Friday between 8:00 to 19:00 non-stop<\/div><\/div>[\/vc_column_inner][\/vc_row_inner][vc_row_inner][vc_column_inner offset=&#8221;vc_hidden-lg vc_hidden-md&#8221;]<div id=\"ultimate-heading-70669e208c1de429\" class=\"uvc-heading ult-adjust-bottom-margin ultimate-heading-70669e208c1de429 uvc-183 \" data-hspacer=\"no_spacer\"  data-halign=\"center\" style=\"text-align:center\"><div class=\"uvc-heading-spacer no_spacer\" style=\"top\"><\/div><div class=\"uvc-main-heading ult-responsive\"  data-ultimate-target='.uvc-heading.ultimate-heading-70669e208c1de429 h2'  data-responsive-json-new='{\"font-size\":\"desktop:30px;\",\"line-height\":\"desktop:40px;\"}' ><h2 style=\"--font-weight:theme;color:#ffffff;margin-bottom:10px;\">Medical consultations at home in the Geneva canton<\/h2><\/div><div class=\"uvc-sub-heading ult-responsive\"  data-ultimate-target='.uvc-heading.ultimate-heading-70669e208c1de429 .uvc-sub-heading '  data-responsive-json-new='{\"font-size\":\"desktop:17px;\",\"line-height\":\"desktop:27px;\"}'  style=\"font-weight:normal;color:#ffffff;\">Our reception is open from Monday to Friday between 8:00 to 19:00 non-stop<\/div><\/div><div class=\" ubtn-ctn-center \"><a class=\"ubtn-link ult-adjust-bottom-margin ubtn-center ubtn-small \" href=\"tel:+41223403636\" ><button type=\"button\" id=\"ubtn-5391\"  class=\"ubtn ult-adjust-bottom-margin ult-responsive ubtn-small ubtn-fade-bg  none  ubtn-center   tooltip-69e208c1de47f\"  data-hover=\"#348bde\" data-border-color=\"#ffffff\" data-bg=\"\" data-hover-bg=\"#ffffff\" data-border-hover=\"#ffffff\" data-shadow-hover=\"\" data-shadow-click=\"none\" data-shadow=\"\" data-shd-shadow=\"\"  data-ultimate-target='#ubtn-5391'  data-responsive-json-new='{\"font-size\":\"desktop:18px;\",\"line-height\":\"desktop:22px;\"}'  style=\"font-weight:normal;border-radius:6px;border-width:2px;border-color:#ffffff;border-style:solid;color: #ffffff;\"><span class=\"ubtn-hover\" style=\"background-color:#ffffff\"><\/span><span class=\"ubtn-data ubtn-text \" >022 340 36 36<\/span><\/button><\/a><\/div>[\/vc_column_inner][\/vc_row_inner][\/vc_column][vc_column offset=&#8221;vc_col-lg-4 vc_col-md-4 vc_hidden-sm vc_col-xs-12 vc_hidden-xs&#8221;]<div class=\" vc_custom_1589891606350 ubtn-ctn-center \"><a class=\"ubtn-link ult-adjust-bottom-margin ubtn-center ubtn-large \" href=\"tel:+41223403636\" ><button type=\"button\" id=\"ubtn-7632\"  class=\"ubtn ult-adjust-bottom-margin ult-responsive ubtn-large ubtn-fade-bg  ulta-grow  ubtn-center   tooltip-69e208c1de502 ubtn-tooltip top\" data-toggle=\"tooltip\" data-placement=\"top\" title=\"Call M\u00e9decins \u00e0 Domicile\" data-hover=\"#348bde\" data-border-color=\"#ffffff\" data-bg=\"#348bde\" data-hover-bg=\"#ffffff\" data-border-hover=\"#348bde\" data-shadow-hover=\"\" data-shadow-click=\"none\" data-shadow=\"\" data-shd-shadow=\"\"  data-ultimate-target='#ubtn-7632'  data-responsive-json-new='{\"font-size\":\"desktop:24px;tablet:20px;tablet_portrait:20px;\",\"line-height\":\"desktop:26px;tablet:22px;tablet_portrait:22px;\"}'  style=\"font-weight:normal;border-radius:6px;border-width:2px;border-color:#ffffff;border-style:solid;background: #348bde;color: #ffffff;\"><span class=\"ubtn-hover\" style=\"background-color:#ffffff\"><\/span><span class=\"ubtn-data ubtn-text \" >022 340 36 36<\/span><\/button><\/a><\/div>[\/vc_column][\/vc_row]<\/p>\n<\/div>","protected":false},"excerpt":{"rendered":"<p>[vc_row full_width=&#8221;stretch_row&#8221; gap=&#8221;30&#8243; content_placement=&#8221;middle&#8221; bg_type=&#8221;image&#8221; parallax_style=&#8221;vcpb-default&#8221; bg_image_new=&#8221;id^1146|url^https:\/\/medecinsadomicile.ch\/wp-content\/uploads\/2020\/05\/img-header-tarifs-mad-3.jpg|caption^null|alt^null|title^img-header-tarifs-mad-3|description^null&#8221; bg_image_repeat=&#8221;no-repeat&#8221; bg_override=&#8221;ex-full&#8221; enable_overlay=&#8221;enable_overlay_value&#8221; overlay_color=&#8221;rgba(43,40,40,0.5)&#8221; type=&#8221;vc_default&#8221; css=&#8221;.vc_custom_1589805722165{margin-top: -80px !important;padding-top: 120px !important;padding-bottom: 120px !important;}&#8221; el_class=&#8221;mad-header&#8221;][vc_column offset=&#8221;vc_col-lg-offset-0 vc_col-md-offset-0 vc_col-sm-offset-0&#8243; css=&#8221;.vc_custom_1589805904304{padding-right: 6% !important;padding-left: 6% !important;}&#8221;][vc_empty_space height=&#8221;30px&#8221;][vc_row_inner][vc_column_inner width=&#8221;1\/2&#8243; offset=&#8221;vc_col-lg-offset-3 vc_col-lg-3 vc_col-md-offset-2 vc_col-md-4&#8243;][\/vc_column_inner][vc_column_inner width=&#8221;1\/2&#8243; offset=&#8221;vc_col-lg-offset-0 vc_col-lg-3 vc_col-md-offset-0 vc_col-md-4&#8243;][\/vc_column_inner][\/vc_row_inner][\/vc_column][\/vc_row][vc_row full_width=&#8221;stretch_row&#8221; gap=&#8221;30&#8243; css=&#8221;.vc_custom_1589748887701{margin-top: 60px !important;margin-bottom: 0px !important;padding-bottom: 30px !important;}&#8221; el_class=&#8221;box-mad-section&#8221;][vc_column css_animation=&#8221;fadeInLeft&#8221; width=&#8221;1\/2&#8243; css=&#8221;.vc_custom_1589752277403{background-color: #f9fbfe !important;}&#8221;][vc_column_text css=&#8221;.vc_custom_1590055837417{padding-top:&hellip;<\/p>\n","protected":false},"author":1,"featured_media":0,"parent":0,"menu_order":2,"comment_status":"closed","ping_status":"closed","template":"","meta":{"footnotes":""},"class_list":["post-1391","page","type-page","status-publish","hentry","description-off"],"yoast_head":"<!-- This site is optimized with the Yoast SEO plugin v25.4 - https:\/\/yoast.com\/wordpress\/plugins\/seo\/ -->\n<title>Rates - Medecins a domicile Geneva<\/title>\n<meta name=\"description\" content=\"Rates for medical consultations at home in the Geneva canton. Medical cost reimbursed by basic insurance.\" \/>\n<meta name=\"robots\" content=\"index, follow, max-snippet:-1, max-image-preview:large, max-video-preview:-1\" \/>\n<link rel=\"canonical\" href=\"https:\/\/medecinsadomicile.ch\/en\/rates\/\" \/>\n<meta property=\"og:locale\" content=\"en_US\" \/>\n<meta property=\"og:type\" content=\"article\" \/>\n<meta property=\"og:title\" content=\"Rates - Medecins a domicile Geneva\" \/>\n<meta property=\"og:description\" content=\"Rates for medical consultations at home in the Geneva canton. Medical cost reimbursed by basic insurance.\" \/>\n<meta property=\"og:url\" content=\"https:\/\/medecinsadomicile.ch\/en\/rates\/\" \/>\n<meta property=\"og:site_name\" content=\"M\u00e9decins \u00e0 domicile Gen\u00e8ve\" \/>\n<meta property=\"article:modified_time\" content=\"2020-05-29T09:12:16+00:00\" \/>\n<meta name=\"twitter:card\" content=\"summary_large_image\" \/>\n<meta name=\"twitter:label1\" content=\"Est. reading time\" \/>\n\t<meta name=\"twitter:data1\" content=\"5 minutes\" \/>\n<script type=\"application\/ld+json\" class=\"yoast-schema-graph\">{\"@context\":\"https:\/\/schema.org\",\"@graph\":[{\"@type\":\"WebPage\",\"@id\":\"https:\/\/medecinsadomicile.ch\/en\/rates\/\",\"url\":\"https:\/\/medecinsadomicile.ch\/en\/rates\/\",\"name\":\"Rates - Medecins a domicile Geneva\",\"isPartOf\":{\"@id\":\"https:\/\/medecinsadomicile.ch\/#website\"},\"datePublished\":\"2020-05-19T16:24:49+00:00\",\"dateModified\":\"2020-05-29T09:12:16+00:00\",\"description\":\"Rates for medical consultations at home in the Geneva canton. Medical cost reimbursed by basic insurance.\",\"breadcrumb\":{\"@id\":\"https:\/\/medecinsadomicile.ch\/en\/rates\/#breadcrumb\"},\"inLanguage\":\"en-US\",\"potentialAction\":[{\"@type\":\"ReadAction\",\"target\":[\"https:\/\/medecinsadomicile.ch\/en\/rates\/\"]}]},{\"@type\":\"BreadcrumbList\",\"@id\":\"https:\/\/medecinsadomicile.ch\/en\/rates\/#breadcrumb\",\"itemListElement\":[{\"@type\":\"ListItem\",\"position\":1,\"name\":\"Accueil\",\"item\":\"https:\/\/medecinsadomicile.ch\/en\/\"},{\"@type\":\"ListItem\",\"position\":2,\"name\":\"Rates\"}]},{\"@type\":\"WebSite\",\"@id\":\"https:\/\/medecinsadomicile.ch\/#website\",\"url\":\"https:\/\/medecinsadomicile.ch\/\",\"name\":\"M\u00e9decins \u00e0 domicile Gen\u00e8ve\",\"description\":\"Consultations m\u00e9dicales \u00e0 domicile dans le canton de Gen\u00e8ve\",\"publisher\":{\"@id\":\"https:\/\/medecinsadomicile.ch\/#organization\"},\"potentialAction\":[{\"@type\":\"SearchAction\",\"target\":{\"@type\":\"EntryPoint\",\"urlTemplate\":\"https:\/\/medecinsadomicile.ch\/?s={search_term_string}\"},\"query-input\":{\"@type\":\"PropertyValueSpecification\",\"valueRequired\":true,\"valueName\":\"search_term_string\"}}],\"inLanguage\":\"en-US\"},{\"@type\":\"Organization\",\"@id\":\"https:\/\/medecinsadomicile.ch\/#organization\",\"name\":\"M\u00e9decins \u00e0 domicile\",\"url\":\"https:\/\/medecinsadomicile.ch\/\",\"logo\":{\"@type\":\"ImageObject\",\"inLanguage\":\"en-US\",\"@id\":\"https:\/\/medecinsadomicile.ch\/#\/schema\/logo\/image\/\",\"url\":\"https:\/\/medecinsadomicile.ch\/wp-content\/uploads\/2020\/04\/logo-medecins-a-domicile-geneve@2x.png\",\"contentUrl\":\"https:\/\/medecinsadomicile.ch\/wp-content\/uploads\/2020\/04\/logo-medecins-a-domicile-geneve@2x.png\",\"width\":526,\"height\":226,\"caption\":\"M\u00e9decins \u00e0 domicile\"},\"image\":{\"@id\":\"https:\/\/medecinsadomicile.ch\/#\/schema\/logo\/image\/\"}}]}<\/script>\n<!-- \/ Yoast SEO plugin. -->","yoast_head_json":{"title":"Rates - Medecins a domicile Geneva","description":"Rates for medical consultations at home in the Geneva canton. Medical cost reimbursed by basic insurance.","robots":{"index":"index","follow":"follow","max-snippet":"max-snippet:-1","max-image-preview":"max-image-preview:large","max-video-preview":"max-video-preview:-1"},"canonical":"https:\/\/medecinsadomicile.ch\/en\/rates\/","og_locale":"en_US","og_type":"article","og_title":"Rates - Medecins a domicile Geneva","og_description":"Rates for medical consultations at home in the Geneva canton. Medical cost reimbursed by basic insurance.","og_url":"https:\/\/medecinsadomicile.ch\/en\/rates\/","og_site_name":"M\u00e9decins \u00e0 domicile Gen\u00e8ve","article_modified_time":"2020-05-29T09:12:16+00:00","twitter_card":"summary_large_image","twitter_misc":{"Est. reading time":"5 minutes"},"schema":{"@context":"https:\/\/schema.org","@graph":[{"@type":"WebPage","@id":"https:\/\/medecinsadomicile.ch\/en\/rates\/","url":"https:\/\/medecinsadomicile.ch\/en\/rates\/","name":"Rates - Medecins a domicile Geneva","isPartOf":{"@id":"https:\/\/medecinsadomicile.ch\/#website"},"datePublished":"2020-05-19T16:24:49+00:00","dateModified":"2020-05-29T09:12:16+00:00","description":"Rates for medical consultations at home in the Geneva canton. Medical cost reimbursed by basic insurance.","breadcrumb":{"@id":"https:\/\/medecinsadomicile.ch\/en\/rates\/#breadcrumb"},"inLanguage":"en-US","potentialAction":[{"@type":"ReadAction","target":["https:\/\/medecinsadomicile.ch\/en\/rates\/"]}]},{"@type":"BreadcrumbList","@id":"https:\/\/medecinsadomicile.ch\/en\/rates\/#breadcrumb","itemListElement":[{"@type":"ListItem","position":1,"name":"Accueil","item":"https:\/\/medecinsadomicile.ch\/en\/"},{"@type":"ListItem","position":2,"name":"Rates"}]},{"@type":"WebSite","@id":"https:\/\/medecinsadomicile.ch\/#website","url":"https:\/\/medecinsadomicile.ch\/","name":"M\u00e9decins \u00e0 domicile Gen\u00e8ve","description":"Consultations m\u00e9dicales \u00e0 domicile dans le canton de Gen\u00e8ve","publisher":{"@id":"https:\/\/medecinsadomicile.ch\/#organization"},"potentialAction":[{"@type":"SearchAction","target":{"@type":"EntryPoint","urlTemplate":"https:\/\/medecinsadomicile.ch\/?s={search_term_string}"},"query-input":{"@type":"PropertyValueSpecification","valueRequired":true,"valueName":"search_term_string"}}],"inLanguage":"en-US"},{"@type":"Organization","@id":"https:\/\/medecinsadomicile.ch\/#organization","name":"M\u00e9decins \u00e0 domicile","url":"https:\/\/medecinsadomicile.ch\/","logo":{"@type":"ImageObject","inLanguage":"en-US","@id":"https:\/\/medecinsadomicile.ch\/#\/schema\/logo\/image\/","url":"https:\/\/medecinsadomicile.ch\/wp-content\/uploads\/2020\/04\/logo-medecins-a-domicile-geneve@2x.png","contentUrl":"https:\/\/medecinsadomicile.ch\/wp-content\/uploads\/2020\/04\/logo-medecins-a-domicile-geneve@2x.png","width":526,"height":226,"caption":"M\u00e9decins \u00e0 domicile"},"image":{"@id":"https:\/\/medecinsadomicile.ch\/#\/schema\/logo\/image\/"}}]}},"_links":{"self":[{"href":"https:\/\/medecinsadomicile.ch\/en\/wp-json\/wp\/v2\/pages\/1391","targetHints":{"allow":["GET"]}}],"collection":[{"href":"https:\/\/medecinsadomicile.ch\/en\/wp-json\/wp\/v2\/pages"}],"about":[{"href":"https:\/\/medecinsadomicile.ch\/en\/wp-json\/wp\/v2\/types\/page"}],"author":[{"embeddable":true,"href":"https:\/\/medecinsadomicile.ch\/en\/wp-json\/wp\/v2\/users\/1"}],"replies":[{"embeddable":true,"href":"https:\/\/medecinsadomicile.ch\/en\/wp-json\/wp\/v2\/comments?post=1391"}],"version-history":[{"count":9,"href":"https:\/\/medecinsadomicile.ch\/en\/wp-json\/wp\/v2\/pages\/1391\/revisions"}],"predecessor-version":[{"id":1600,"href":"https:\/\/medecinsadomicile.ch\/en\/wp-json\/wp\/v2\/pages\/1391\/revisions\/1600"}],"wp:attachment":[{"href":"https:\/\/medecinsadomicile.ch\/en\/wp-json\/wp\/v2\/media?parent=1391"}],"curies":[{"name":"wp","href":"https:\/\/api.w.org\/{rel}","templated":true}]}}